{"id":233,"date":"2019-12-15T15:08:35","date_gmt":"2019-12-15T14:08:35","guid":{"rendered":"http:\/\/blog.erdtmann.org\/?page_id=233"},"modified":"2019-12-17T10:56:54","modified_gmt":"2019-12-17T09:56:54","slug":"page-2","status":"publish","type":"page","link":"https:\/\/www.team-erdtmann.de\/?page_id=233","title":{"rendered":"Impressum"},"content":{"rendered":"\n<p>Die ist eine private Webseite ohne kommerziellen Hintergrund<\/p>\n\n\n\n<p><strong>Verantwortlich f\u00fcr den Inhalt der Webseite<\/strong><\/p>\n\n\n\n<p>Team Erdtmann<br> Uwe Erdtmann<br> Herrenwiesen 4<br> 69231 Rauenberg<br> <br> Kontakt:<br>+496222 7722814<br>info () team-erdtmann.de<\/p>\n\n\n\n<p><strong>Haftung f\u00fcr Inhalte<\/strong><\/p>\n\n\n\n<p>Als Diensteanbieter sind wir gem\u00e4\u00df \u00a7 7 Abs.1 TMG f\u00fcr eigene Inhalte \nauf diesen Seiten nach den allgemeinen Gesetzen verantwortlich. Nach \u00a7\u00a7 8\n bis 10 TMG sind wir als Diensteanbieter jedoch nicht\nverpflichtet, \u00fcbermittelte oder gespeicherte fremde Informationen zu \n\u00fcberwachen oder nach Umst\u00e4nden zu forschen, die auf eine rechtswidrige \nT\u00e4tigkeit hinweisen. Verpflichtungen zur Entfernung oder\nSperrung der Nutzung von Informationen nach den allgemeinen Gesetzen \nbleiben hiervon unber\u00fchrt. Eine diesbez\u00fcgliche Haftung ist jedoch erst \nab dem Zeitpunkt der Kenntnis einer konkreten\nRechtsverletzung m\u00f6glich. Bei Bekanntwerden von entsprechenden \nRechtsverletzungen werden wir diese Inhalte umgehend entfernen.<\/p>\n\n\n\n<p><strong>Haftung f\u00fcr Links<\/strong><\/p>\n\n\n\n<p>Unser Angebot enth\u00e4lt Links zu externen Webseiten Dritter, auf deren \nInhalte wir keinen Einfluss haben. Deshalb k\u00f6nnen wir f\u00fcr diese fremden \nInhalte auch keine Gew\u00e4hr \u00fcbernehmen. F\u00fcr die Inhalte\nder verlinkten Seiten ist stets der jeweilige Anbieter oder Betreiber \nder Seiten verantwortlich. Die verlinkten Seiten wurden zum Zeitpunkt \nder Verlinkung auf m\u00f6gliche Rechtsverst\u00f6\u00dfe \u00fcberpr\u00fcft.\nRechtswidrige Inhalte waren zum Zeitpunkt der Verlinkung nicht \nerkennbar. Eine permanente inhaltliche Kontrolle der verlinkten Seiten \nist jedoch ohne konkrete Anhaltspunkte einer Rechtsverletzung\nnicht zumutbar. Bei Bekanntwerden von Rechtsverletzungen werden wir \nderartige Links umgehend entfernen.<\/p>\n\n\n\n<p><strong>Urheberrecht<\/strong><\/p>\n\n\n\n<p>Die durch die Seitenbetreiber erstellten Inhalte und Werke auf diesen\n Seiten unterliegen dem deutschen Urheberrecht. Die Vervielf\u00e4ltigung, \nBearbeitung, Verbreitung und jede Art der Verwertung\nau\u00dferhalb der Grenzen des Urheberrechtes bed\u00fcrfen der schriftlichen \nZustimmung des jeweiligen Autors bzw. Erstellers. Downloads und Kopien \ndieser Seite sind nur f\u00fcr den privaten, nicht kommerziellen\nGebrauch gestattet. Soweit die Inhalte auf dieser Seite nicht vom \nBetreiber erstellt wurden, werden die Urheberrechte Dritter beachtet. \nInsbesondere werden Inhalte Dritter als solche gekennzeichnet.\nSollten Sie trotzdem auf eine Urheberrechtsverletzung aufmerksam werden,\n bitten wir um einen entsprechenden Hinweis. Bei Bekanntwerden von \nRechtsverletzungen werden wir derartige Inhalte umgehend\nentfernen.<\/p>\n\n\n\n<figure class=\"wp-block-image\"><a href=\"http:\/\/blog.erdtmann.org\/wp-content\/uploads\/2019\/12\/thumbsup.jpg\"><img loading=\"lazy\" decoding=\"async\" width=\"1024\" height=\"683\" src=\"http:\/\/blog.erdtmann.org\/wp-content\/uploads\/2019\/12\/thumbsup-1024x683.jpg\" alt=\"\" class=\"wp-image-264\" srcset=\"https:\/\/www.team-erdtmann.de\/wp-content\/uploads\/2019\/12\/thumbsup-1024x683.jpg 1024w, https:\/\/www.team-erdtmann.de\/wp-content\/uploads\/2019\/12\/thumbsup-300x200.jpg 300w, https:\/\/www.team-erdtmann.de\/wp-content\/uploads\/2019\/12\/thumbsup-768x512.jpg 768w\" sizes=\"auto, (max-width: 1024px) 100vw, 1024px\" \/><\/a><\/figure>\n","protected":false},"excerpt":{"rendered":"<p>Die ist eine private Webseite ohne kommerziellen Hintergrund Verantwortlich f\u00fcr den Inhalt der Webseite Team Erdtmann Uwe Erdtmann Herrenwiesen 4 69231 Rauenberg Kontakt:+496222 7722814info () team-erdtmann.de Haftung f\u00fcr Inhalte Als Diensteanbieter sind wir gem\u00e4\u00df \u00a7 7 Abs.1 TMG f\u00fcr eigene Inhalte auf diesen Seiten nach den allgemeinen Gesetzen verantwortlich. Nach \u00a7\u00a7 8 bis 10 TMG [&hellip;]<\/p>\n","protected":false},"author":1,"featured_media":0,"parent":0,"menu_order":0,"comment_status":"closed","ping_status":"closed","template":"templates\/frontpage.php","meta":{"ngg_post_thumbnail":0,"footnotes":""},"class_list":["post-233","page","type-page","status-publish","hentry"],"_links":{"self":[{"href":"https:\/\/www.team-erdtmann.de\/index.php?rest_route=\/wp\/v2\/pages\/233","targetHints":{"allow":["GET"]}}],"collection":[{"href":"https:\/\/www.team-erdtmann.de\/index.php?rest_route=\/wp\/v2\/pages"}],"about":[{"href":"https:\/\/www.team-erdtmann.de\/index.php?rest_route=\/wp\/v2\/types\/page"}],"author":[{"embeddable":true,"href":"https:\/\/www.team-erdtmann.de\/index.php?rest_route=\/wp\/v2\/users\/1"}],"replies":[{"embeddable":true,"href":"https:\/\/www.team-erdtmann.de\/index.php?rest_route=%2Fwp%2Fv2%2Fcomments&post=233"}],"version-history":[{"count":5,"href":"https:\/\/www.team-erdtmann.de\/index.php?rest_route=\/wp\/v2\/pages\/233\/revisions"}],"predecessor-version":[{"id":414,"href":"https:\/\/www.team-erdtmann.de\/index.php?rest_route=\/wp\/v2\/pages\/233\/revisions\/414"}],"wp:attachment":[{"href":"https:\/\/www.team-erdtmann.de\/index.php?rest_route=%2Fwp%2Fv2%2Fmedia&parent=233"}],"curies":[{"name":"wp","href":"https:\/\/api.w.org\/{rel}","templated":true}]}}