{"id":415,"date":"2019-12-17T11:00:45","date_gmt":"2019-12-17T10:00:45","guid":{"rendered":"http:\/\/blog.erdtmann.org\/?page_id=415"},"modified":"2019-12-17T11:00:45","modified_gmt":"2019-12-17T10:00:45","slug":"datenschutzerklarung","status":"publish","type":"page","link":"https:\/\/www.team-erdtmann.de\/?page_id=415","title":{"rendered":"Datenschutzerkl\u00e4rung"},"content":{"rendered":"\n<p>Verantwortliche Stelle im Sinne der Datenschutzgesetze, insbesondere der EU-Datenschutzgrundverordnung (DSGVO), ist:<\/p>\n\n\n\n<p>Team Erdtmann<br>\nUwe Erdtmann<br>\nHerrenwiesen 4<br>\n69231 Rauenberg<br>\n<br>\nKontakt:<br>\n+496222-7722814<br>\ninfo ( ) team-erdtmann.de<\/p>\n\n\n\n<h3 class=\"wp-block-heading\">Ihre Betroffenenrechte<\/h3>\n\n\n\n<p>Unter den angegebenen Kontaktdaten unseres Datenschutzbeauftragten k\u00f6nnen Sie jederzeit folgende Rechte aus\u00fcben:<\/p>\n\n\n\n<ul class=\"wp-block-list\"><li>Auskunft \u00fcber Ihre bei uns gespeicherten Daten und deren Verarbeitung (Art. 15 DSGVO),<\/li><li>Berichtigung unrichtiger personenbezogener Daten (Art. 16 DSGVO),<\/li><li>L\u00f6schung Ihrer bei uns gespeicherten Daten (Art. 17 DSGVO),<\/li><li>Einschr\u00e4nkung der Datenverarbeitung, sofern wir Ihre Daten aufgrund \ngesetzlicher Pflichten noch nicht l\u00f6schen d\u00fcrfen (Art. 18 DSGVO),<\/li><li>Widerspruch gegen die Verarbeitung Ihrer Daten bei uns (Art. 21 DSGVO) und<\/li><li>Daten\u00fcbertragbarkeit, sofern Sie in die Datenverarbeitung \neingewilligt haben oder einen Vertrag mit uns abgeschlossen haben (Art. \n20 DSGVO).<\/li><\/ul>\n\n\n\n<p>Sofern Sie uns eine Einwilligung erteilt haben, k\u00f6nnen Sie diese jederzeit mit Wirkung f\u00fcr die Zukunft widerrufen.<\/p>\n\n\n\n<p>Sie k\u00f6nnen sich jederzeit mit einer Beschwerde an eine \nAufsichtsbeh\u00f6rde wenden, z. B. an die zust\u00e4ndige Aufsichtsbeh\u00f6rde des \nBundeslands Ihres Wohnsitzes oder an die f\u00fcr uns als verantwortliche\nStelle zust\u00e4ndige Beh\u00f6rde.<\/p>\n\n\n\n<p>Eine Liste der Aufsichtsbeh\u00f6rden (f\u00fcr den nicht\u00f6ffentlichen Bereich) mit Anschrift finden Sie unter: <a href=\"https:\/\/www.bfdi.bund.de\/DE\/Infothek\/Anschriften_Links\/anschriften_links-node.html\" rel=\"noreferrer noopener\" target=\"_blank\">https:\/\/www.bfdi.bund.de\/DE\/Infothek\/Anschriften_Links\/anschriften_links-node.html<\/a>.<\/p>\n\n\n\n<h3 class=\"wp-block-heading\">Erfassung allgemeiner Informationen beim Besuch unserer Website<\/h3>\n\n\n\n<h3 class=\"wp-block-heading\">Art und Zweck der Verarbeitung:<\/h3>\n\n\n\n<p>Wenn Sie auf unsere Website zugreifen, d.h., wenn Sie sich nicht \nregistrieren oder anderweitig Informationen \u00fcbermitteln, werden \nautomatisch Informationen allgemeiner Natur erfasst. Diese\nInformationen (Server-Logfiles) beinhalten etwa die Art des Webbrowsers,\n das verwendete Betriebssystem, den Domainnamen Ihres \nInternet-Service-Providers, Ihre IP-Adresse und \u00e4hnliches. Hierbei\nhandelt es sich ausschlie\u00dflich um Informationen, welche keine \nR\u00fcckschl\u00fcsse auf Ihre Person zulassen.<\/p>\n\n\n\n<p>Sie werden insbesondere zu folgenden Zwecken verarbeitet:<\/p>\n\n\n\n<ul class=\"wp-block-list\"><li>Sicherstellung eines problemlosen Verbindungsaufbaus der Website,<\/li><li>Sicherstellung einer reibungslosen Nutzung unserer Website,<\/li><li>Auswertung der Systemsicherheit und -stabilit\u00e4t sowie<\/li><li>zu weiteren administrativen Zwecken.<\/li><\/ul>\n\n\n\n<p>Wir verwenden Ihre Daten nicht, um R\u00fcckschl\u00fcsse auf Ihre Person zu \nziehen. Informationen dieser Art werden von uns ggfs. statistisch \nausgewertet, um unseren Internetauftritt und die\ndahinterstehende Technik zu optimieren.<\/p>\n\n\n\n<h3 class=\"wp-block-heading\">Rechtsgrundlage:<\/h3>\n\n\n\n<p>Die Verarbeitung erfolgt gem\u00e4\u00df Art. 6 Abs. 1 lit. f DSGVO auf Basis \nunseres berechtigten Interesses an der Verbesserung der Stabilit\u00e4t und \nFunktionalit\u00e4t unserer Website.<\/p>\n\n\n\n<h3 class=\"wp-block-heading\">Empf\u00e4nger:<\/h3>\n\n\n\n<p>Empf\u00e4nger der Daten sind ggf. technische Dienstleister, die f\u00fcr den \nBetrieb und die Wartung unserer Webseite als Auftragsverarbeiter t\u00e4tig \nwerden.<\/p>\n\n\n\n<h3 class=\"wp-block-heading\">Speicherdauer:<\/h3>\n\n\n\n<p>Die Daten werden gel\u00f6scht, sobald diese f\u00fcr den Zweck der Erhebung \nnicht mehr erforderlich sind. Dies ist f\u00fcr die Daten, die der \nBereitstellung der Webseite dienen, grunds\u00e4tzlich der Fall, wenn\ndie jeweilige Sitzung beendet ist.<\/p>\n\n\n\n<h3 class=\"wp-block-heading\">Bereitstellung vorgeschrieben oder erforderlich:<\/h3>\n\n\n\n<p>Die Bereitstellung der vorgenannten personenbezogenen Daten ist weder\n gesetzlich noch vertraglich vorgeschrieben. Ohne die IP-Adresse ist \njedoch der Dienst und die Funktionsf\u00e4higkeit unserer\nWebsite nicht gew\u00e4hrleistet. Zudem k\u00f6nnen einzelne Dienste und Services \nnicht verf\u00fcgbar oder eingeschr\u00e4nkt sein. Aus diesem Grund ist ein \nWiderspruch ausgeschlossen.<\/p>\n\n\n\n<h3 class=\"wp-block-heading\">Kontaktformular<\/h3>\n\n\n\n<h3 class=\"wp-block-heading\">Art und Zweck der Verarbeitung:<\/h3>\n\n\n\n<p>Die von Ihnen eingegebenen Daten werden zum Zweck der individuellen \nKommunikation mit Ihnen gespeichert. Hierf\u00fcr ist die Angabe einer \nvaliden E-Mail-Adresse sowie Ihres Namens erforderlich. Diese\ndient der Zuordnung der Anfrage und der anschlie\u00dfenden Beantwortung \nderselben. Die Angabe weiterer Daten ist optional.<\/p>\n\n\n\n<h3 class=\"wp-block-heading\">Rechtsgrundlage:<\/h3>\n\n\n\n<p>Die Verarbeitung der in das Kontaktformular eingegebenen Daten \nerfolgt auf der Grundlage eines berechtigten Interesses (Art 6 Abs. 1 \nlit. f DSGVO).<\/p>\n\n\n\n<p>Durch Bereitstellung des Kontaktformulars m\u00f6chten wir Ihnen eine \nunkomplizierte Kontaktaufnahme erm\u00f6glichen. Ihre gemachten Angaben \nwerden zum Zwecke der Bearbeitung der Anfrage sowie f\u00fcr m\u00f6gliche\nAnschlussfragen gespeichert.<\/p>\n\n\n\n<p>Sofern Sie mit uns Kontakt aufnehmen, um ein Angebot zu erfragen, \nerfolgt die Verarbeitung der in das Kontaktformular eingegebenen Daten \nzur Durchf\u00fchrung vorvertraglicher Ma\u00dfnahmen (Art 6 Abs. 1\nlit. b DSGVO).<\/p>\n\n\n\n<h3 class=\"wp-block-heading\">Empf\u00e4nger:<\/h3>\n\n\n\n<p>Empf\u00e4nger der Daten sind ggf. Auftragsverarbeiter.<\/p>\n\n\n\n<h3 class=\"wp-block-heading\">Speicherdauer:<\/h3>\n\n\n\n<p>Daten werden sp\u00e4testens 6 Monate nach Bearbeitung der Anfrage gel\u00f6scht.<\/p>\n\n\n\n<p>Sofern es zu einem Vertragsverh\u00e4ltnis kommt, unterliegen wir den \ngesetzlichen Aufbewahrungsfristen nach HGB und l\u00f6schen Ihre Daten nach \nAblauf dieser Fristen.<\/p>\n\n\n\n<h3 class=\"wp-block-heading\">Bereitstellung vorgeschrieben oder erforderlich:<\/h3>\n\n\n\n<p>Die Bereitstellung Ihrer personenbezogenen Daten erfolgt freiwillig. \nWir k\u00f6nnen Ihre Anfrage jedoch nur bearbeiten, sofern Sie uns Ihren \nNamen, Ihre E-Mail-Adresse und den Grund der Anfrage\nmitteilen.<\/p>\n\n\n\n<h3 class=\"wp-block-heading\">Verwendung von Scriptbibliotheken (Google Webfonts)<\/h3>\n\n\n\n<h3 class=\"wp-block-heading\">Art und Zweck der Verarbeitung:<\/h3>\n\n\n\n<p>Um unsere Inhalte browser\u00fcbergreifend korrekt und grafisch \nansprechend darzustellen, verwenden wir auf dieser Website \u201eGoogle Web \nFonts\u201c der Google LLC (1600 Amphitheatre Parkway, Mountain View,\nCA 94043, USA; nachfolgend \u201eGoogle\u201c) zur Darstellung von Schriften.<\/p>\n\n\n\n<p>Die Datenschutzrichtlinie des Bibliothekbetreibers Google finden Sie hier: <a href=\"https:\/\/www.google.com\/policies\/privacy\/\">https:\/\/www.google.com\/policies\/privacy\/<\/a><\/p>\n\n\n\n<h3 class=\"wp-block-heading\">Rechtsgrundlage:<\/h3>\n\n\n\n<p>Rechtsgrundlage f\u00fcr die Einbindung von Google Webfonts und dem damit \nverbundenen Datentransfer zu Google ist Ihre Einwilligung (Art. 6 Abs. 1\n lit. a DSGVO).<\/p>\n\n\n\n<h3 class=\"wp-block-heading\">Empf\u00e4nger:<\/h3>\n\n\n\n<p>Der Aufruf von Scriptbibliotheken oder Schriftbibliotheken l\u00f6st \nautomatisch eine Verbindung zum Betreiber der Bibliothek aus. Dabei ist \nes theoretisch m\u00f6glich \u2013 aktuell allerdings auch unklar ob\nund ggf. zu welchen Zwecken \u2013 dass der Betreiber in diesem Fall Google \nDaten erhebt.<\/p>\n\n\n\n<h3 class=\"wp-block-heading\">Speicherdauer:<\/h3>\n\n\n\n<p>Wir erheben keine personenbezogenen Daten, durch die Einbindung von Google Webfonts.<\/p>\n\n\n\n<p>Weitere Informationen zu Google Web Fonts finden Sie unter <a href=\"https:\/\/developers.google.com\/fonts\/faq\">https:\/\/developers.google.com\/fonts\/faq<\/a> und in der Datenschutzerkl\u00e4rung von Google:\n<a href=\"https:\/\/www.google.com\/policies\/privacy\/\">https:\/\/www.google.com\/policies\/privacy\/<\/a>.<\/p>\n\n\n\n<h3 class=\"wp-block-heading\">Drittlandtransfer:<\/h3>\n\n\n\n<p>Google verarbeitet Ihre Daten in den USA und hat sich dem EU_US Privacy Shield unterworfen <a href=\"https:\/\/www.privacyshield.gov\/EU-US-Framework\">https:\/\/www.privacyshield.gov\/EU-US-Framework<\/a>.<\/p>\n\n\n\n<h3 class=\"wp-block-heading\">Bereitstellung vorgeschrieben oder erforderlich:<\/h3>\n\n\n\n<p>Die Bereitstellung der personenbezogenen Daten ist weder gesetzlich, \nnoch vertraglich vorgeschrieben. Allerdings kann ohne die korrekte \nDarstellung der Inhalte von Standardschriften nicht\nerm\u00f6glicht werden.<\/p>\n\n\n\n<h3 class=\"wp-block-heading\">Widerruf der Einwilligung:<\/h3>\n\n\n\n<p>Zur Darstellung der Inhalte wird regelm\u00e4\u00dfig die Programmiersprache \nJavaScript verwendet. Sie k\u00f6nnen der Datenverarbeitung daher \nwidersprechen, indem Sie die Ausf\u00fchrung von JavaScript in Ihrem\nBrowser deaktivieren oder einen Einbindung JavaScript-Blocker \ninstallieren. Bitte beachten Sie, dass es hierdurch zu \nFunktionseinschr\u00e4nkungen auf der Website kommen kann.<\/p>\n\n\n\n<h3 class=\"wp-block-heading\">Verwendung von Adobe Typekit<\/h3>\n\n\n\n<h3 class=\"wp-block-heading\">Art und Zweck der Verarbeitung:<\/h3>\n\n\n\n<p>Wir setzen Adobe Typekit zur visuellen Gestaltung unserer Website \nein. Typekit ist ein Dienst der Adobe Systems Software Ireland Companies\n (4-6 Riverwalk, Citywest Business Campus, Dublin 24,\nRepublic of Ireland; nachfolgend \u201eAdobe\u201c), der uns den Zugriff auf eine \nSchriftartenbibliothek gew\u00e4hrt. Zur Einbindung der von uns benutzten \nSchriftarten, muss Ihr Browser eine Verbindung zu einem\nServer von Adobe in den USA aufbauen und die f\u00fcr unsere Website \nben\u00f6tigte Schriftart herunterladen. Adobe erh\u00e4lt hierdurch die \nInformation, dass von Ihrer IP-Adresse unsere Website aufgerufen wurde.\nWeitere Informationen zu Adobe Typekit finden Sie in den \nDatenschutzhinweisen von Adobe, die Sie hier abrufen k\u00f6nnen: <a href=\"https:\/\/www.adobe.com\/de\/privacy\/policy.html\" target=\"_blank\" rel=\"noreferrer noopener\">https:\/\/www.adobe.com\/de\/privacy\/policy.html<\/a><\/p>\n\n\n\n<h3 class=\"wp-block-heading\">Rechtsgrundlage:<\/h3>\n\n\n\n<p>Rechtsgrundlage f\u00fcr die Einbindung von Adobe Typekit und dem damit \nverbundenen Datentransfer zu Adobe ist Ihre Einwilligung (Art. 6 Abs. 1 \nlit. a DSGVO).<\/p>\n\n\n\n<h3 class=\"wp-block-heading\">Empf\u00e4nger:<\/h3>\n\n\n\n<p>Der Aufruf von Scriptbibliotheken oder Schriftbibliotheken l\u00f6st \nautomatisch eine Verbindung zum Betreiber der Bibliothek aus. \nInformationen \u00fcber die Nutzung Ihrer Daten durch Adobe Typekit Web\nFonts Sie unter <a href=\"https:\/\/typekit.com\/\">https:\/\/typekit.com\/<\/a> und in der Datenschutzerkl\u00e4rung von Adobe Typekit: <a href=\"https:\/\/www.adobe.com\/de\/privacy\/policies\/typekit.html\">https:\/\/www.adobe.com\/de\/privacy\/policies\/typekit.html<\/a>.<\/p>\n\n\n\n<h3 class=\"wp-block-heading\">Speicherdauer:<\/h3>\n\n\n\n<p>Wir erheben keine personenbezogenen Daten durch die Einbindung von Adobe Typekit Web Fonts.<\/p>\n\n\n\n<h3 class=\"wp-block-heading\">Drittlandtransfer:<\/h3>\n\n\n\n<p>Adobe ist unter dem Privacy-Shield-Abkommen zertifiziert und bietet \nhierdurch eine Garantie, das europ\u00e4ische Datenschutzrecht einzuhalten (<a href=\"https:\/\/www.privacyshield.gov\/participant?id=a2zt0000000TNo9AAG&amp;status=Active\">https:\/\/www.privacyshield.gov\/participant?id=a2zt0000000TNo9AAG&amp;status=Active<\/a>).<\/p>\n\n\n\n<h3 class=\"wp-block-heading\">Bereitstellung vorgeschrieben oder erforderlich:<\/h3>\n\n\n\n<p>Die Bereitstellung der personenbezogenen Daten ist weder gesetzlich, \nnoch vertraglich vorgeschrieben. Allerdings kann ohne die korrekte \nDarstellung der Inhalte von Standardschriften nicht\nerm\u00f6glicht werden.<\/p>\n\n\n\n<h3 class=\"wp-block-heading\">Eingebettete YouTube-Videos<\/h3>\n\n\n\n<h3 class=\"wp-block-heading\">Art und Zweck der Verarbeitung:<\/h3>\n\n\n\n<p>Auf einigen unserer Webseiten betten wir YouTube-Videos ein. \nBetreiber der entsprechenden Plugins ist die YouTube, LLC, 901 Cherry \nAve., San Bruno, CA 94066, USA (nachfolgend \u201eYouTube\u201c). Wenn Sie\neine Seite mit dem YouTube-Plugin besuchen, wird eine Verbindung zu \nServern von YouTube hergestellt. Dabei wird YouTube mitgeteilt, welche \nSeiten Sie besuchen. Wenn Sie in Ihrem YouTube-Account\neingeloggt sind, kann YouTube Ihr Surfverhalten Ihnen pers\u00f6nlich \nzuzuordnen. Dies verhindern Sie, indem Sie sich vorher aus Ihrem \nYouTube-Account ausloggen.<\/p>\n\n\n\n<p>Wird ein YouTube-Video gestartet, setzt der Anbieter Cookies ein, die Hinweise \u00fcber das Nutzerverhalten sammeln.<\/p>\n\n\n\n<p>Weitere Informationen zu Zweck und Umfang der Datenerhebung und ihrer\n Verarbeitung durch YouTube erhalten Sie in den Datenschutzerkl\u00e4rungen \ndes Anbieters, Dort erhalten Sie auch weitere\nInformationen zu Ihren diesbez\u00fcglichen Rechten und \nEinstellungsm\u00f6glichkeiten zum Schutze Ihrer Privatsph\u00e4re (<a href=\"https:\/\/policies.google.com\/privacy\">https:\/\/policies.google.com\/privacy<\/a>).\nGoogle verarbeitet Ihre Daten in den USA und hat sich dem EU-US Privacy \nShield unterworfen https:\/\/www.privacyshield.gov\/EU-US-Framework<\/p>\n\n\n\n<h3 class=\"wp-block-heading\">Rechtsgrundlage:<\/h3>\n\n\n\n<p>Rechtsgrundlage f\u00fcr die Einbindung von YouTube und dem damit \nverbundenen Datentransfer zu Google ist Ihre Einwilligung (Art. 6 Abs. 1\n lit. a DSGVO).<\/p>\n\n\n\n<h3 class=\"wp-block-heading\">Empf\u00e4nger:<\/h3>\n\n\n\n<p>Der Aufruf von YouTube l\u00f6st automatisch eine Verbindung zu Google aus.<\/p>\n\n\n\n<h3 class=\"wp-block-heading\">Speicherdauer und Widerruf der Einwilligung:<\/h3>\n\n\n\n<p>Wer das Speichern von Cookies f\u00fcr das Google-Ad-Programm deaktiviert \nhat, wird auch beim Anschauen von YouTube-Videos mit keinen solchen \nCookies rechnen m\u00fcssen. YouTube legt aber auch in anderen\nCookies nicht-personenbezogene Nutzungsinformationen ab. M\u00f6chten Sie \ndies verhindern, so m\u00fcssen Sie das Speichern von Cookies im Browser \nblockieren.<\/p>\n\n\n\n<p>Weitere Informationen zum Datenschutz bei \u201eYouTube\u201c finden Sie in der Datenschutzerkl\u00e4rung des Anbieters unter: <a href=\"https:\/\/www.google.de\/intl\/de\/policies\/privacy\/\">https:\/\/www.google.de\/intl\/de\/policies\/privacy\/<\/a><\/p>\n\n\n\n<h3 class=\"wp-block-heading\">Drittlandtransfer:<\/h3>\n\n\n\n<p>Google verarbeitet Ihre Daten in den USA und hat sich dem EU_US Privacy Shield unterworfen <a href=\"https:\/\/www.privacyshield.gov\/EU-US-Framework\">https:\/\/www.privacyshield.gov\/EU-US-Framework<\/a>.<\/p>\n\n\n\n<h3 class=\"wp-block-heading\">Bereitstellung vorgeschrieben oder erforderlich:<\/h3>\n\n\n\n<p>Die Bereitstellung Ihrer personenbezogenen Daten erfolgt freiwillig, \nallein auf Basis Ihrer Einwilligung. Sofern Sie den Zugriff unterbinden,\n kann es hierdurch zu Funktionseinschr\u00e4nkungen auf der\nWebsite kommen.<\/p>\n\n\n\n<h3 class=\"wp-block-heading\">Social Plugins<\/h3>\n\n\n\n<h3 class=\"wp-block-heading\">Art und Zweck der Verarbeitung:<\/h3>\n\n\n\n<p>Auf unseren Webseiten werden Social Plugins der unten aufgef\u00fchrten \nAnbieter eingesetzt. Die Plugins k\u00f6nnen Sie daran erkennen, dass sie mit\n dem entsprechenden Logo gekennzeichnet sind.<\/p>\n\n\n\n<p>\u00dcber diese Plugins werden unter Umst\u00e4nden Informationen, zu denen \nauch personenbezogene Daten geh\u00f6ren k\u00f6nnen, an den Dienstebetreiber \ngesendet und ggf. von diesem genutzt. Wir verhindern die\nunbewusste und ungewollte Erfassung und \u00dcbertragung von Daten an den \nDiensteanbieter durch eine 2-Klick-L\u00f6sung. Um ein gew\u00fcnschtes Social \nPlugin zu aktivieren, muss dieses erst durch Klick auf den\nentsprechenden Schalter aktiviert werden. Erst durch diese Aktivierung \ndes Plugins wird auch die Erfassung von Informationen und deren \n\u00dcbertragung an den Diensteanbieter ausgel\u00f6st. Wir erfassen\nselbst keine personenbezogenen Daten mittels der Social Plugins oder \n\u00fcber deren Nutzung.<\/p>\n\n\n\n<p>Wir haben keinen Einfluss darauf, welche Daten ein aktiviertes Plugin\n erfasst und wie diese durch den Anbieter verwendet werden. Derzeit muss\n davon ausgegangen werden, dass eine direkte Verbindung\nzu den Diensten des Anbieters ausgebaut wird sowie mindestens die \nIP-Adresse und ger\u00e4tebezogene Informationen erfasst und genutzt werden. \nEbenfalls besteht die M\u00f6glichkeit, dass die Diensteanbieter\nversuchen, Cookies auf dem verwendeten Rechner zu speichern. Welche \nkonkreten Daten hierbei erfasst und wie diese genutzt werden, entnehmen \nSie bitte den Datenschutzhinweisen des jeweiligen\nDiensteanbieters. Hinweis: Falls Sie zeitgleich bei Facebook angemeldet \nsind, kann Facebook Sie als Besucher einer bestimmten Seite \nidentifizieren.<\/p>\n\n\n\n<p>Wir haben auf unserer Website die Social-Media-Buttons folgender Unternehmen eingebunden:<\/p>\n\n\n\n<p>www.facebook.com<\/p>\n\n\n\n<h3 class=\"wp-block-heading\">\u00c4nderung unserer Datenschutzbestimmungen<\/h3>\n\n\n\n<p>Wir behalten uns vor, diese Datenschutzerkl\u00e4rung anzupassen, damit \nsie stets den aktuellen rechtlichen Anforderungen entspricht oder um \n\u00c4nderungen unserer Leistungen in der Datenschutzerkl\u00e4rung\numzusetzen, z.B. bei der Einf\u00fchrung neuer Services. F\u00fcr Ihren erneuten \nBesuch gilt dann die neue Datenschutzerkl\u00e4rung.<\/p>\n\n\n\n<h3 class=\"wp-block-heading\">Fragen an den Datenschutzbeauftragten<\/h3>\n\n\n\n<p>Wenn Sie Fragen zum Datenschutz haben, schreiben Sie uns bitte eine \nE-Mail oder wenden Sie sich direkt an die f\u00fcr den Datenschutz \nverantwortliche Person in unserer Organisation:<\/p>\n\n\n\n<p>Team Erdtmann<br>\nUwe Erdtmann<br>\nHerrenwiesen 4<br>\n69231 Rauenberg<br>\n<br>\nKontakt:<br>\n+496222-7722814<br>\ninfo ( ) team-erdtmann.de<\/p>\n","protected":false},"excerpt":{"rendered":"<p>Verantwortliche Stelle im Sinne der Datenschutzgesetze, insbesondere der EU-Datenschutzgrundverordnung (DSGVO), ist: Team Erdtmann Uwe Erdtmann Herrenwiesen 4 69231 Rauenberg Kontakt: +496222-7722814 info ( ) team-erdtmann.de Ihre Betroffenenrechte Unter den angegebenen Kontaktdaten unseres Datenschutzbeauftragten k\u00f6nnen Sie jederzeit folgende Rechte aus\u00fcben: Auskunft \u00fcber Ihre bei uns gespeicherten Daten und deren Verarbeitung (Art. 15 DSGVO), Berichtigung unrichtiger personenbezogener [&hellip;]<\/p>\n","protected":false},"author":1,"featured_media":0,"parent":0,"menu_order":0,"comment_status":"closed","ping_status":"closed","template":"templates\/frontpage.php","meta":{"ngg_post_thumbnail":0,"footnotes":""},"class_list":["post-415","page","type-page","status-publish","hentry"],"_links":{"self":[{"href":"https:\/\/www.team-erdtmann.de\/index.php?rest_route=\/wp\/v2\/pages\/415","targetHints":{"allow":["GET"]}}],"collection":[{"href":"https:\/\/www.team-erdtmann.de\/index.php?rest_route=\/wp\/v2\/pages"}],"about":[{"href":"https:\/\/www.team-erdtmann.de\/index.php?rest_route=\/wp\/v2\/types\/page"}],"author":[{"embeddable":true,"href":"https:\/\/www.team-erdtmann.de\/index.php?rest_route=\/wp\/v2\/users\/1"}],"replies":[{"embeddable":true,"href":"https:\/\/www.team-erdtmann.de\/index.php?rest_route=%2Fwp%2Fv2%2Fcomments&post=415"}],"version-history":[{"count":1,"href":"https:\/\/www.team-erdtmann.de\/index.php?rest_route=\/wp\/v2\/pages\/415\/revisions"}],"predecessor-version":[{"id":416,"href":"https:\/\/www.team-erdtmann.de\/index.php?rest_route=\/wp\/v2\/pages\/415\/revisions\/416"}],"wp:attachment":[{"href":"https:\/\/www.team-erdtmann.de\/index.php?rest_route=%2Fwp%2Fv2%2Fmedia&parent=415"}],"curies":[{"name":"wp","href":"https:\/\/api.w.org\/{rel}","templated":true}]}}